{"id":393,"date":"2018-11-28T17:14:28","date_gmt":"2018-11-28T16:14:28","guid":{"rendered":"http:\/\/aladdin-ibbenbueren.de\/?post_type=product&#038;p=393"},"modified":"2024-07-24T13:14:15","modified_gmt":"2024-07-24T11:14:15","slug":"63-penne-al-curry","status":"publish","type":"product","link":"https:\/\/aladdin-ibbenbueren.de\/en\/product\/63-penne-al-curry\/","title":{"rendered":"63. Penne al Curry"},"content":{"rendered":"","protected":false},"excerpt":{"rendered":"<p>Nudeln in Curryso\u00dfe, Paprika, Zwiebeln, Sahne, Champignons mit k\u00e4se \u00fcberbacken (A, G, I)<\/p>","protected":false},"featured_media":0,"comment_status":"open","ping_status":"closed","template":"","meta":[],"yoast_head":"<!-- This site is optimized with the Yoast SEO plugin v14.9 - https:\/\/yoast.com\/wordpress\/plugins\/seo\/ -->\n<title>63. Penne al Curry - ALADDIN`S EAT &amp; DRINK<\/title>\n<meta name=\"robots\" content=\"index, follow, max-snippet:-1, max-image-preview:large, max-video-preview:-1\" \/>\n<link rel=\"canonical\" href=\"https:\/\/aladdin-ibbenbueren.de\/en\/product\/63-penne-al-curry\/\" \/>\n<meta property=\"og:locale\" content=\"en_US\" \/>\n<meta property=\"og:type\" content=\"article\" \/>\n<meta property=\"og:title\" content=\"63. Penne al Curry - ALADDIN`S EAT &amp; DRINK\" \/>\n<meta property=\"og:description\" content=\"Nudeln in Curryso\u00dfe, Paprika, Zwiebeln, Sahne, Champignons mit k\u00e4se \u00fcberbacken (A, G, I)\" \/>\n<meta property=\"og:url\" content=\"https:\/\/aladdin-ibbenbueren.de\/en\/product\/63-penne-al-curry\/\" \/>\n<meta property=\"og:site_name\" content=\"ALADDIN`S EAT &amp; DRINK\" \/>\n<meta property=\"article:modified_time\" content=\"2024-07-24T11:14:15+00:00\" \/>\n<meta name=\"twitter:card\" content=\"summary_large_image\" \/>\n<script type=\"application\/ld+json\" class=\"yoast-schema-graph\">{\"@context\":\"https:\/\/schema.org\",\"@graph\":[{\"@type\":\"WebSite\",\"@id\":\"https:\/\/aladdin-ibbenbueren.de\/en\/#website\",\"url\":\"https:\/\/aladdin-ibbenbueren.de\/en\/\",\"name\":\"ALADDIN`S EAT &amp; DRINK\",\"description\":\"seit 1994\",\"potentialAction\":[{\"@type\":\"SearchAction\",\"target\":\"https:\/\/aladdin-ibbenbueren.de\/en\/?s={search_term_string}\",\"query-input\":\"required name=search_term_string\"}],\"inLanguage\":\"en-US\"},{\"@type\":\"WebPage\",\"@id\":\"https:\/\/aladdin-ibbenbueren.de\/produkt\/63-penne-al-curry\/#webpage\",\"url\":\"https:\/\/aladdin-ibbenbueren.de\/produkt\/63-penne-al-curry\/\",\"name\":\"63. Penne al Curry - ALADDIN`S EAT &amp; DRINK\",\"isPartOf\":{\"@id\":\"https:\/\/aladdin-ibbenbueren.de\/en\/#website\"},\"datePublished\":\"2018-11-28T16:14:28+00:00\",\"dateModified\":\"2024-07-24T11:14:15+00:00\",\"inLanguage\":\"en-US\",\"potentialAction\":[{\"@type\":\"ReadAction\",\"target\":[\"https:\/\/aladdin-ibbenbueren.de\/produkt\/63-penne-al-curry\/\"]}]}]}<\/script>\n<!-- \/ Yoast SEO plugin. -->","_links":{"self":[{"href":"https:\/\/aladdin-ibbenbueren.de\/en\/wp-json\/wp\/v2\/product\/393"}],"collection":[{"href":"https:\/\/aladdin-ibbenbueren.de\/en\/wp-json\/wp\/v2\/product"}],"about":[{"href":"https:\/\/aladdin-ibbenbueren.de\/en\/wp-json\/wp\/v2\/types\/product"}],"replies":[{"embeddable":true,"href":"https:\/\/aladdin-ibbenbueren.de\/en\/wp-json\/wp\/v2\/comments?post=393"}],"wp:attachment":[{"href":"https:\/\/aladdin-ibbenbueren.de\/en\/wp-json\/wp\/v2\/media?parent=393"}],"curies":[{"name":"wp","href":"https:\/\/api.w.org\/{rel}","templated":true}]}}